{"id":198,"date":"2017-08-01T09:00:06","date_gmt":"2017-08-01T09:00:06","guid":{"rendered":"http:\/\/rushmore.wpcolorlab.com\/?page_id=198"},"modified":"2021-07-23T07:15:41","modified_gmt":"2021-07-23T07:15:41","slug":"our-team","status":"publish","type":"page","link":"https:\/\/compute.sabanciuniv.edu\/index.php\/our-team\/","title":{"rendered":"Our Team"},"content":{"rendered":"<p><section class=\"kc-elm kc-css-596203 kc_row\"><div class=\"kc-row-container  kc-container\"><div class=\"kc-wrap-columns\"><div class=\"kc-elm kc-css-852950 kc_col-sm-4 kc_column kc_col-sm-4\"><div class=\"kc-col-container\"><article class=\"sabbi-thumlinepost-card solitude-bg__x profile-card kc-elm kc-css-709478\"><figure class=\"sabbi-thumlinepost-card-figure\">\n                    <img width=\"360\" height=\"270\" src=\"https:\/\/compute.sabanciuniv.edu\/wp-content\/uploads\/2017\/08\/oznurtastan-360x270.jpg\" class=\"img-thumpost img-responsive\" alt=\"\" loading=\"lazy\" \/><figcaption><h3 class=\"fig-title\">Contact Information<\/h3><div class=\"fig-meta\"><p class=\"fig-cal\"><strong>Call:<\/strong> <span>+90 216 483 9000<\/span><\/p><p class=\"fig-mail\"><strong>Email:<\/strong> <span>oznur.tastan [at] sabanciuniv.edu<\/span><\/p><\/div>\n                    <\/figcaption><\/figure><div class=\"profile-card-meta\">\n                                    <ul class=\"pfofile-social list-unstyled list-inline\"><\/ul>\n                                <\/div><h2 class=\"entry-title\">\u00d6znur Ta\u015ftan<\/h2><div class=\"card_st_fix\"><p><!-- wp:paragraph --><\/p>\n<p>Assistant Professor at the <a href=\"http:\/\/fens.sabanciuniv.edu\/eng\/\">Faculty of Engineering and Natural Sciences<\/a> at <a href=\"http:\/\/www.sabanciuniv.edu\/en\">Sabanci University<\/a>, member of <a href=\"http:\/\/cs.sabanciuniv.edu\">Computer Science and Engineering<\/a> and the<\/p>\n<\/div><\/article><\/div><\/div><div class=\"kc-elm kc-css-748266 kc_col-sm-8 kc_column kc_col-sm-8\"><div class=\"kc-col-container\"><article class=\"profile-glimps\"><h2 class=\"entry-title title-foc-md\">\u00d6znur Ta\u015ftan<\/h2>\n        <p class=\"text-foc-md\"><i>Computational Biology, Machine Learning, Bioinformatics.<\/i><\/p>\n        <p class=\"text-foc-md\">Faculty of Engineering and Natural Sciences, Sabanci University,<br>\r\nIstanbul, Turkiye<\/p><div class=\"stage-content-biog\">\n            <!-- wp:paragraph -->\n<p>Assistant Professor at the <a href=\"http:\/\/fens.sabanciuniv.edu\/eng\/\">Faculty of Engineering and Natural Sciences<\/a> at <a href=\"http:\/\/www.sabanciuniv.edu\/en\">Sabanci University<\/a>, member of <a href=\"http:\/\/cs.sabanciuniv.edu\">Computer Science and Engineering<\/a> and the <a href=\"http:\/\/bio.sabanciuniv.edu\/\">Molecular Biology, Genetics and Bioengineering<\/a> programs and affiliated with <a href=\"http:\/\/verim.sabanciuniv.edu\/en\/verim\">The Center of Excellence for Data Analytics<\/a><\/p>\n<!-- \/wp:paragraph -->\n\n<!-- wp:paragraph -->\n<p><strong>NEWS!<\/strong><\/p>\n<!-- \/wp:paragraph -->\n\n<!-- wp:list -->\n<ul><li>Looking for highly motivated graduate and undergraduate students to work on various projects in machine learning and\/or computational biology! Write me an e-mail if you are interested otastan [at] sabanciuniv.edu. The application deadline for graduate program is May 11, 2018. You may find the application information <a href=\"http:\/\/www.sabanciuniv.edu\/en\/admission-to-graduate-programs\">here<\/a>. The students will be supported through a TUBITAK project or through scholarships. Details on financial aid and scholarships are provided <a href=\"https:\/\/fens.sabanciuniv.edu\/en\/scholarships\">here <\/a>.<\/li><li>I will be giving a seminar at the <a href=\"http:\/\/byoyo.cmpe.boun.edu.tr\/\">Bo\u011faz'da Yapay \u00d6\u011frenme \u0130smail Ar\u0131 Yaz Okulu 2018 <\/a>.<\/li><li>I will be giving a seminar at <a href=\"http:\/\/www.gtu.edu.tr\/\">Gebze Technical University<\/a> on May 9, 2018.<\/li><li>New preprint: <a>Discovering lncRNA Mediated Sponge Interactions in Breast Cancer Molecular Subtypes<\/a><\/li><li>New preprint: <a>SPADIS: An Algorithm for Selecting Predictive and Diverse SNPs in GWAS<\/a><\/li><li>I moved to Sabanci University in December 2017!<\/li><\/ul>\n<!-- \/wp:list -->\n\n<!-- wp:paragraph -->\n<p><strong>Bio:<\/strong> Before joining Sabanci University, I was a faculty member of <a href=\"http:\/\/w3.bilkent.edu.tr\/bilkent\/\">Bilkent University<\/a>, <a href=\"http:\/\/w3.cs.bilkent.edu.tr\/\">Department of Computer Engineering<\/a>. I worked as a post-doctoral researcher at <a href=\"https:\/\/www.microsoft.com\/en-us\/research\/lab\/microsoft-research-new-england\/\">Microsoft Research New England Lab<\/a>. I obtained my PhD in 2011 and MSc in 2007 (in parallel to PhD) from <a href=\"https:\/\/www.cmu.edu\/\">Carnegie Mellon University<\/a>, <a href=\"https:\/\/www.cs.cmu.edu\/\">School of Computer Science<\/a>, <a href=\"https:\/\/lti.cs.cmu.edu\/\">Language Technologies Intitute<\/a> I graduated from Sabanc\u0131 University in 2004 (The first settlers of the campus). And that makes a full circle!<\/p>\n<!-- \/wp:paragraph -->\n\n<!-- wp:paragraph -->\n<p><strong>Research interest: <\/strong>My research lies at the boundary of machine learning and computational biology. Advances in molecular profiling technologies have resulted in large quantities of data, turning biology into a data rich field. A key challenge is to use this data effectively to deepen our understanding of the molecular basis of the workings of the cell, diseases, and to translate this knowledge into clinics. My research focuses on developing methodologies towards this aim. Note that, I also like to work in other applications of machine learning and data science if the problem triggers my curiosity.<\/p>\n<!-- \/wp:paragraph -->\n        <\/div><\/article><\/div><\/div><\/div><\/div><\/section><section class=\"kc-elm kc-css-916945 kc_row\"><div class=\"kc-row-container  kc-container\"><div class=\"kc-wrap-columns\"><div class=\"kc-elm kc-css-429224 kc_col-sm-12 kc_column kc_col-sm-12\"><div class=\"kc-col-container\"><div class=\"col-sm-6 col-md-3\">\n                    <div class=\"profile-card profile-card-meta_classic kc-elm kc-css-536741 ResearchArea\">\n                        <figure>\n                             <img width=\"263\" height=\"216\" src=\"https:\/\/compute.sabanciuniv.edu\/wp-content\/uploads\/2020\/08\/canan-atilgan1-263x216.jpg\" class=\"img-responsive\" alt=\"\" loading=\"lazy\" \/>\n                            <figcaption><a href=\"https:\/\/compute.sabanciuniv.edu\/index.php\/compute_teams\/canan-atilgan\/\"><h3 class=\"fig-title\">Canan At\u0131lgan<\/h3><\/a><div class=\"fig-title-des\">Polymer and protein dynamics; theoretical and computational .. <\/div><div class=\"fig-meta\"><p class=\"fig-mail\"><strong>Email:<\/strong> <span>canan.atilgan [at] sabanciuniv.edu<\/span><\/p><\/div>\n                            <\/figcaption>\n                        <\/figure><div class=\"profile-card-meta\">\n                                <ul class=\"pfofile-social list-unstyled list-inline\"><\/ul>\n                            <\/div><\/div>\n                <\/div><div class=\"col-sm-6 col-md-3\">\n                    <div class=\"profile-card profile-card-meta_classic kc-elm kc-css-536741 ResearchArea\">\n                        <figure>\n                             <img width=\"263\" height=\"216\" src=\"https:\/\/compute.sabanciuniv.edu\/wp-content\/uploads\/2017\/08\/oznurtastan-263x216.jpg\" class=\"img-responsive\" alt=\"\" loading=\"lazy\" \/>\n                            <figcaption><a href=\"https:\/\/compute.sabanciuniv.edu\/index.php\/compute_teams\/oznurtastan\/\"><h3 class=\"fig-title\">\u00d6znur Ta\u015ftan<\/h3><\/a><div class=\"fig-title-des\"><i>Computational Biology, Machine Learning, Bioinformatics.<\/i><\/div><div class=\"fig-meta\"><p class=\"fig-mail\"><strong>Email:<\/strong> <span>oznur.tastan [at] sabanciuniv.edu<\/span><\/p><\/div>\n                            <\/figcaption>\n                        <\/figure><div class=\"profile-card-meta\">\n                                <ul class=\"pfofile-social list-unstyled list-inline\"><\/ul>\n                            <\/div><\/div>\n                <\/div><div class=\"team-clearfix\"><\/div><div class=\"col-sm-6 col-md-3\">\n                    <div class=\"profile-card profile-card-meta_classic kc-elm kc-css-536741 ResearchArea\">\n                        <figure>\n                             <img width=\"263\" height=\"216\" src=\"https:\/\/compute.sabanciuniv.edu\/wp-content\/uploads\/2020\/10\/berrin-yanikoglu-263x216.jpg\" class=\"img-responsive\" alt=\"\" loading=\"lazy\" \/>\n                            <figcaption><a href=\"https:\/\/compute.sabanciuniv.edu\/index.php\/compute_teams\/berrin-yanikoglu\/\"><h3 class=\"fig-title\">Berrin Yan\u0131ko\u011flu<\/h3><\/a><div class=\"fig-title-des\"><i>Machine Learning, Deep Learning, Computer Vision, Biometrics.<\/i><\/div><div class=\"fig-meta\"><p class=\"fig-mail\"><strong>Email:<\/strong> <span>berrin.yanikoglu [at] sabanciuniv.edu<\/span><\/p><\/div>\n                            <\/figcaption>\n                        <\/figure><div class=\"profile-card-meta\">\n                                <ul class=\"pfofile-social list-unstyled list-inline\"><\/ul>\n                            <\/div><\/div>\n                <\/div><div class=\"col-sm-6 col-md-3\">\n                    <div class=\"profile-card profile-card-meta_classic kc-elm kc-css-536741 ResearchArea\">\n                        <figure>\n                             <img width=\"263\" height=\"216\" src=\"https:\/\/compute.sabanciuniv.edu\/wp-content\/uploads\/2021\/07\/reyyan-yeniterzi-263x216.jpg\" class=\"img-responsive\" alt=\"\" loading=\"lazy\" srcset=\"https:\/\/compute.sabanciuniv.edu\/wp-content\/uploads\/2021\/07\/reyyan-yeniterzi-263x216.jpg 263w, https:\/\/compute.sabanciuniv.edu\/wp-content\/uploads\/2021\/07\/reyyan-yeniterzi-300x246.jpg 300w, https:\/\/compute.sabanciuniv.edu\/wp-content\/uploads\/2021\/07\/reyyan-yeniterzi.jpg 360w\" sizes=\"(max-width: 263px) 100vw, 263px\" \/>\n                            <figcaption><a href=\"https:\/\/compute.sabanciuniv.edu\/index.php\/compute_teams\/reyyan-yeniterzi\/\"><h3 class=\"fig-title\">Reyyan Yeniterzi<\/h3><\/a><div class=\"fig-title-des\">Natural Language Processing, Deep Learning, Text Mining<\/div><div class=\"fig-meta\"><p class=\"fig-mail\"><strong>Email:<\/strong> <span>reyyan.yeniterzi [at] sabanciuniv.edu<\/span><\/p><\/div>\n                            <\/figcaption>\n                        <\/figure><div class=\"profile-card-meta\">\n                                <ul class=\"pfofile-social list-unstyled list-inline\"><\/ul>\n                            <\/div><\/div>\n                <\/div><div class=\"team-clearfix\"><\/div><div class=\"col-sm-6 col-md-3\">\n                    <div class=\"profile-card profile-card-meta_classic kc-elm kc-css-536741 ResearchArea\">\n                        <figure>\n                             <img width=\"263\" height=\"216\" src=\"https:\/\/compute.sabanciuniv.edu\/wp-content\/uploads\/2017\/08\/ogunedebali-263x216.jpg\" class=\"img-responsive\" alt=\"\" loading=\"lazy\" \/>\n                            <figcaption><a href=\"https:\/\/compute.sabanciuniv.edu\/index.php\/compute_teams\/ogunedebali\/\"><h3 class=\"fig-title\">Og\u00fcn Adebali<\/h3><\/a><div class=\"fig-title-des\">Evolutionary Genomics, Eukaryotic Cell Signaling,..<\/div><div class=\"fig-meta\"><p class=\"fig-mail\"><strong>Email:<\/strong> <span>ogun.adebali [at] sabanciuniv.edu<\/span><\/p><\/div>\n                            <\/figcaption>\n                        <\/figure><div class=\"profile-card-meta\">\n                                <ul class=\"pfofile-social list-unstyled list-inline\"><\/ul>\n                            <\/div><\/div>\n                <\/div><div class=\"col-sm-6 col-md-3\">\n                    <div class=\"profile-card profile-card-meta_classic kc-elm kc-css-536741 ResearchArea\">\n                        <figure>\n                             <img width=\"263\" height=\"216\" src=\"https:\/\/compute.sabanciuniv.edu\/wp-content\/uploads\/2021\/09\/1036-263x216.jpeg\" class=\"img-responsive\" alt=\"\" loading=\"lazy\" \/>\n                            <figcaption><a href=\"https:\/\/compute.sabanciuniv.edu\/index.php\/compute_teams\/ali-rana-atilgan\/\"><h3 class=\"fig-title\">Ali Rana At\u0131lgan<\/h3><\/a><div class=\"fig-title-des\"><i>Biological Physics and Systems Sciences.<\/i><\/div><div class=\"fig-meta\"><p class=\"fig-mail\"><strong>Email:<\/strong> <span>alirana.atilgan [at] sabanciuniv.edu<\/span><\/p><\/div>\n                            <\/figcaption>\n                        <\/figure><div class=\"profile-card-meta\">\n                                <ul class=\"pfofile-social list-unstyled list-inline\"><\/ul>\n                            <\/div><\/div>\n                <\/div><div class=\"team-clearfix\"><\/div><div class=\"col-sm-6 col-md-3\">\n                    <div class=\"profile-card profile-card-meta_classic kc-elm kc-css-536741 ResearchArea\">\n                        <figure>\n                             <img width=\"263\" height=\"216\" src=\"https:\/\/compute.sabanciuniv.edu\/wp-content\/uploads\/2021\/07\/sselim-balcisoy-263x216.jpg\" class=\"img-responsive\" alt=\"\" loading=\"lazy\" srcset=\"https:\/\/compute.sabanciuniv.edu\/wp-content\/uploads\/2021\/07\/sselim-balcisoy-263x216.jpg 263w, https:\/\/compute.sabanciuniv.edu\/wp-content\/uploads\/2021\/07\/sselim-balcisoy-300x246.jpg 300w, https:\/\/compute.sabanciuniv.edu\/wp-content\/uploads\/2021\/07\/sselim-balcisoy.jpg 360w\" sizes=\"(max-width: 263px) 100vw, 263px\" \/>\n                            <figcaption><a href=\"https:\/\/compute.sabanciuniv.edu\/index.php\/compute_teams\/selim-balcisoy\/\"><h3 class=\"fig-title\">Selim Balc\u0131soy<\/h3><\/a><div class=\"fig-title-des\"><i>Visual Analytics, Data Science, Graphics, Virtual Reality.<\/i><\/div><div class=\"fig-meta\"><p class=\"fig-mail\"><strong>Email:<\/strong> <span>selim.balcisoy [at] sabanciuniv.edu<\/span><\/p><\/div>\n                            <\/figcaption>\n                        <\/figure><div class=\"profile-card-meta\">\n                                <ul class=\"pfofile-social list-unstyled list-inline\"><\/ul>\n                            <\/div><\/div>\n                <\/div><div class=\"col-sm-6 col-md-3\">\n                    <div class=\"profile-card profile-card-meta_classic kc-elm kc-css-536741 ResearchArea\">\n                        <figure>\n                             <img width=\"263\" height=\"216\" src=\"https:\/\/compute.sabanciuniv.edu\/wp-content\/uploads\/2017\/08\/bekirbediz-263x216.png\" class=\"img-responsive\" alt=\"\" loading=\"lazy\" \/>\n                            <figcaption><a href=\"https:\/\/compute.sabanciuniv.edu\/index.php\/compute_teams\/bekirbediz\/\"><h3 class=\"fig-title\">Bekir Bediz<\/h3><\/a><div class=\"fig-title-des\"><i>Structural Dynamics, Composites, Modal Testing, Micromachining.<\/i><\/div><div class=\"fig-meta\"><p class=\"fig-mail\"><strong>Email:<\/strong> <span>bekir.bediz [at] sabanciuniv.edu<\/span><\/p><\/div>\n                            <\/figcaption>\n                        <\/figure><div class=\"profile-card-meta\">\n                                <ul class=\"pfofile-social list-unstyled list-inline\"><\/ul>\n                            <\/div><\/div>\n                <\/div><div class=\"team-clearfix\"><\/div><div class=\"col-sm-6 col-md-3\">\n                    <div class=\"profile-card profile-card-meta_classic kc-elm kc-css-536741 ResearchArea\">\n                        <figure>\n                             <img width=\"263\" height=\"216\" src=\"https:\/\/compute.sabanciuniv.edu\/wp-content\/uploads\/2018\/08\/bulent-catay-263x216.jpg\" class=\"img-responsive\" alt=\"\" loading=\"lazy\" srcset=\"https:\/\/compute.sabanciuniv.edu\/wp-content\/uploads\/2018\/08\/bulent-catay-263x216.jpg 263w, https:\/\/compute.sabanciuniv.edu\/wp-content\/uploads\/2018\/08\/bulent-catay-300x246.jpg 300w, https:\/\/compute.sabanciuniv.edu\/wp-content\/uploads\/2018\/08\/bulent-catay.jpg 360w\" sizes=\"(max-width: 263px) 100vw, 263px\" \/>\n                            <figcaption><a href=\"https:\/\/compute.sabanciuniv.edu\/index.php\/compute_teams\/bulent-catay\/\"><h3 class=\"fig-title\">B\u00fclent  \u00c7atay<\/h3><\/a><div class=\"fig-title-des\"><i>Transportation and Logistics Systems, Sustainable Transport.<\/i><\/div><div class=\"fig-meta\"><p class=\"fig-mail\"><strong>Email:<\/strong> <span>bulent.catay [at] sabanciuniv.edu<\/span><\/p><\/div>\n                            <\/figcaption>\n                        <\/figure><div class=\"profile-card-meta\">\n                                <ul class=\"pfofile-social list-unstyled list-inline\"><\/ul>\n                            <\/div><\/div>\n                <\/div><div class=\"col-sm-6 col-md-3\">\n                    <div class=\"profile-card profile-card-meta_classic kc-elm kc-css-536741 ResearchArea\">\n                        <figure>\n                             <img width=\"263\" height=\"216\" src=\"https:\/\/compute.sabanciuniv.edu\/wp-content\/uploads\/2017\/07\/ahmetdemirelli-263x216.jpg\" class=\"img-responsive\" alt=\"\" loading=\"lazy\" \/>\n                            <figcaption><a href=\"https:\/\/compute.sabanciuniv.edu\/index.php\/compute_teams\/ahmetdemirelli\/\"><h3 class=\"fig-title\">Ahmet Demirelli<\/h3><\/a><div class=\"fig-title-des\"><i>Enterprise Software, Big Data Analytics, Machine Learning.<\/i><\/div><div class=\"fig-meta\"><p class=\"fig-mail\"><strong>Email:<\/strong> <span>ahmet.demirelli [at] sabanciuniv.edu<\/span><\/p><\/div>\n                            <\/figcaption>\n                        <\/figure><div class=\"profile-card-meta\">\n                                <ul class=\"pfofile-social list-unstyled list-inline\"><\/ul>\n                            <\/div><\/div>\n                <\/div><div class=\"team-clearfix\"><\/div><div class=\"col-sm-6 col-md-3\">\n                    <div class=\"profile-card profile-card-meta_classic kc-elm kc-css-536741 ResearchArea\">\n                        <figure>\n                             <img width=\"263\" height=\"216\" src=\"https:\/\/compute.sabanciuniv.edu\/wp-content\/uploads\/2017\/07\/kamer-263x216.jpg\" class=\"img-responsive\" alt=\"\" loading=\"lazy\" \/>\n                            <figcaption><a href=\"https:\/\/compute.sabanciuniv.edu\/index.php\/compute_teams\/kamerkaya\/\"><h3 class=\"fig-title\">Kamer Kaya<\/h3><\/a><div class=\"fig-title-des\"><i>High Performance Computing, Graphs, Machine Learning.<\/i><\/div><div class=\"fig-meta\"><p class=\"fig-mail\"><strong>Email:<\/strong> <span>kamer.kaya [at] sabanciuniv.edu<\/span><\/p><\/div>\n                            <\/figcaption>\n                        <\/figure><div class=\"profile-card-meta\">\n                                <ul class=\"pfofile-social list-unstyled list-inline\"><\/ul>\n                            <\/div><\/div>\n                <\/div><div class=\"col-sm-6 col-md-3\">\n                    <div class=\"profile-card profile-card-meta_classic kc-elm kc-css-536741 ResearchArea\">\n                        <figure>\n                             <img width=\"263\" height=\"216\" src=\"https:\/\/compute.sabanciuniv.edu\/wp-content\/uploads\/2021\/07\/onur-varol-263x216.jpg\" class=\"img-responsive\" alt=\"\" loading=\"lazy\" srcset=\"https:\/\/compute.sabanciuniv.edu\/wp-content\/uploads\/2021\/07\/onur-varol-263x216.jpg 263w, https:\/\/compute.sabanciuniv.edu\/wp-content\/uploads\/2021\/07\/onur-varol-300x246.jpg 300w, https:\/\/compute.sabanciuniv.edu\/wp-content\/uploads\/2021\/07\/onur-varol.jpg 360w\" sizes=\"(max-width: 263px) 100vw, 263px\" \/>\n                            <figcaption><a href=\"https:\/\/compute.sabanciuniv.edu\/index.php\/compute_teams\/onur-varol\/\"><h3 class=\"fig-title\">Onur Varol<\/h3><\/a><div class=\"fig-title-des\"><i>Computational Social Science, Data Science, Machine Learning.<\/i><\/div><div class=\"fig-meta\"><p class=\"fig-mail\"><strong>Email:<\/strong> <span>onur.varol [at] sabanciuniv.edu<\/span><\/p><\/div>\n                            <\/figcaption>\n                        <\/figure><div class=\"profile-card-meta\">\n                                <ul class=\"pfofile-social list-unstyled list-inline\"><\/ul>\n                            <\/div><\/div>\n                <\/div><div class=\"team-clearfix\"><\/div><div class=\"col-sm-6 col-md-3\">\n                    <div class=\"profile-card profile-card-meta_classic kc-elm kc-css-536741 ResearchArea\">\n                        <figure>\n                             <img width=\"263\" height=\"216\" src=\"https:\/\/compute.sabanciuniv.edu\/wp-content\/uploads\/2016\/10\/husnu-yenigun-263x216.jpg\" class=\"img-responsive\" alt=\"\" loading=\"lazy\" srcset=\"https:\/\/compute.sabanciuniv.edu\/wp-content\/uploads\/2016\/10\/husnu-yenigun-263x216.jpg 263w, https:\/\/compute.sabanciuniv.edu\/wp-content\/uploads\/2016\/10\/husnu-yenigun-300x246.jpg 300w, https:\/\/compute.sabanciuniv.edu\/wp-content\/uploads\/2016\/10\/husnu-yenigun.jpg 360w\" sizes=\"(max-width: 263px) 100vw, 263px\" \/>\n                            <figcaption><a href=\"https:\/\/compute.sabanciuniv.edu\/index.php\/compute_teams\/husnu-yenigun\/\"><h3 class=\"fig-title\">H\u00fcsn\u00fc Yenig\u00fcn<\/h3><\/a><div class=\"fig-title-des\"><i>Formal methods, HW\/SW Verification, Model Checking.<\/i><\/div><div class=\"fig-meta\"><p class=\"fig-mail\"><strong>Email:<\/strong> <span>husnu.yenigun [at] sabanciuniv.edu<\/span><\/p><\/div>\n                            <\/figcaption>\n                        <\/figure><div class=\"profile-card-meta\">\n                                <ul class=\"pfofile-social list-unstyled list-inline\"><\/ul>\n                            <\/div><\/div>\n                <\/div><div class=\"col-sm-6 col-md-3\">\n                    <div class=\"profile-card profile-card-meta_classic kc-elm kc-css-536741 ResearchArea\">\n                        <figure>\n                             <img width=\"263\" height=\"216\" src=\"https:\/\/compute.sabanciuniv.edu\/wp-content\/uploads\/2019\/10\/serhat-yesilyurt2-263x216.jpg\" class=\"img-responsive\" alt=\"\" loading=\"lazy\" \/>\n                            <figcaption><a href=\"https:\/\/compute.sabanciuniv.edu\/index.php\/compute_teams\/serhat-yesilyurt\/\"><h3 class=\"fig-title\">Serhat Ye\u015filyurt<\/h3><\/a><div class=\"fig-title-des\"><i>Fluid mechanics, Heat transfer, Microflows, Microswimmers.<\/i><\/div><div class=\"fig-meta\"><p class=\"fig-mail\"><strong>Email:<\/strong> <span>serhat.yesilyurt [at] sabanciuniv.edu<\/span><\/p><\/div>\n                            <\/figcaption>\n                        <\/figure><div class=\"profile-card-meta\">\n                                <ul class=\"pfofile-social list-unstyled list-inline\"><\/ul>\n                            <\/div><\/div>\n                <\/div><div class=\"team-clearfix\"><\/div><\/div><\/div><\/div><\/div><\/section><section data-kc-fullwidth=\"row\" class=\"kc-elm kc-css-497860 kc_row\"><div class=\"kc-row-container  kc-container\"><div class=\"kc-wrap-columns\"><div class=\"kc-elm kc-css-697481 kc_col-sm-6 kc_column kc_col-sm-6\"><div class=\"kc-col-container\"><div class=\"kc-elm kc-css-293334 kc_text_block\"><\/p>\n<p>\nLorem ipsum dolor sit amet, con adipiscing elit. Etiam convallis elit id impedie. Quisq commodo ornare tortor Quiue bibendu. magna vitae ex interdum cursus.<\/p>\n<p>\n<\/div><a href=\"#\" title=\"btn title\" target=\"_self\" class=\"btn btn-action btn-gules kc-elm kc-css-216495\">read more<\/a><\/div><\/div><div class=\"kc-elm kc-css-176481 kc_col-sm-6 kc_column kc_col-sm-6\"><div class=\"kc-col-container\"><\/div><\/div><\/div><\/div><\/section><\/p>\n","protected":false},"excerpt":{"rendered":"","protected":false},"author":1,"featured_media":2258,"parent":0,"menu_order":0,"comment_status":"closed","ping_status":"closed","template":"","meta":[],"_links":{"self":[{"href":"https:\/\/compute.sabanciuniv.edu\/index.php\/wp-json\/wp\/v2\/pages\/198"}],"collection":[{"href":"https:\/\/compute.sabanciuniv.edu\/index.php\/wp-json\/wp\/v2\/pages"}],"about":[{"href":"https:\/\/compute.sabanciuniv.edu\/index.php\/wp-json\/wp\/v2\/types\/page"}],"author":[{"embeddable":true,"href":"https:\/\/compute.sabanciuniv.edu\/index.php\/wp-json\/wp\/v2\/users\/1"}],"replies":[{"embeddable":true,"href":"https:\/\/compute.sabanciuniv.edu\/index.php\/wp-json\/wp\/v2\/comments?post=198"}],"version-history":[{"count":21,"href":"https:\/\/compute.sabanciuniv.edu\/index.php\/wp-json\/wp\/v2\/pages\/198\/revisions"}],"predecessor-version":[{"id":2536,"href":"https:\/\/compute.sabanciuniv.edu\/index.php\/wp-json\/wp\/v2\/pages\/198\/revisions\/2536"}],"wp:featuredmedia":[{"embeddable":true,"href":"https:\/\/compute.sabanciuniv.edu\/index.php\/wp-json\/wp\/v2\/media\/2258"}],"wp:attachment":[{"href":"https:\/\/compute.sabanciuniv.edu\/index.php\/wp-json\/wp\/v2\/media?parent=198"}],"curies":[{"name":"wp","href":"https:\/\/api.w.org\/{rel}","templated":true}]}}